{"id":6,"date":"2020-03-11T10:21:03","date_gmt":"2020-03-11T09:21:03","guid":{"rendered":"http:\/\/wp-zzww.lan\/wordpress\/?page_id=6"},"modified":"2020-11-08T17:39:26","modified_gmt":"2020-11-08T16:39:26","slug":"otevira-se-nove-umoma-2","status":"publish","type":"page","link":"https:\/\/zzww.cz\/wordpress\/","title":{"rendered":"Z kav\u00e1rny do truhl\u00e1rny"},"content":{"rendered":"<div class=\"b b-text cf\">\n<div class=\"b-c b-text-c b-s b-s-t60 b-s-b60 cf\">\n<h3>I takov\u00e1 oby\u010dejn\u00e1 v\u011bc jako je kuchy\u0148sk\u00e9 prk\u00e9nko m\u016f\u017ee vypadat velmi stylov\u011b ba p\u0159\u00edmo designov\u011b, kdy\u017e se v\u00fdroby chop\u00ed \u0161ikovn\u00e9 ruce a hlava vymysl\u00ed origin\u00e1ln\u00ed n\u00e1pad. Pokud jste zv\u011bdav\u00ed, jak\u00e9 to je vym\u011bnit k\u00e1vovar za pilu a brusku a m\u00edsto ubrousk\u016f skl\u00e1dat vzory z letokruh\u016f, \u010dt\u011bte d\u00e1le&#8230;<\/h3>\n<\/div>\n<\/div>\n<div id=\"wnd_ImageBlock_80821\" class=\"b-img b-img-default b b-s cf wnd-orientation-landscape wnd-type-image img-s-n\">\n<div class=\"b-img-w\">\n<div class=\"b-img-c cf\"><img decoding=\"async\" class=\"aligncenter\" src=\"https:\/\/myamos.cz\/_files\/200002501-7194471949\/700\/04_06.jpeg\" alt=\"\" \/><\/div>\n<\/div>\n<\/div>\n<div class=\"b b-text cf\">\n<div class=\"b-c b-text-c b-s b-s-t60 b-s-b60 cf\">\n<p>Jak se stane ze zaslou\u017eil\u00e9 kav\u00e1rnice truhl\u00e1\u0159ka?<\/p>\n<p style=\"padding-left: 40px;\">U mne to bylo jednoduch\u00e9. Po 20 letech pr\u00e1ce za barem a provozov\u00e1n\u00ed kav\u00e1ren jsem vyho\u0159ela a hledala jsem n\u011bjakou \u010dinnost, kter\u00e1 by mi d\u011blala radost a p\u0159i kter\u00e9 bych nemusela potk\u00e1vat moc lid\u00ed.<\/p>\n<p>Nechyb\u00ed ti v d\u0159eva\u0159sk\u00e9 d\u00edln\u011b ten \u010dil\u00fd kav\u00e1rensk\u00fd ruch?<\/p>\n<p style=\"padding-left: 40px;\">Kav\u00e1renstv\u00ed jsem se \u00fapln\u011b nevzdala, i kdy\u017e te\u010f u\u017e jsem zvolnila. Jedno ke druh\u00e9mu je skv\u011bl\u00fd dopln\u011bk.<\/p>\n<p>Kde ses nau\u010dila pracovat se d\u0159evem?<\/p>\n<p style=\"padding-left: 40px;\">Na St\u0159edn\u00ed \u0161kole stavebn\u00edch \u0159emesel v Bosonoh\u00e1ch v programu vzd\u011bl\u00e1van\u00ed dosp\u011bl\u00fdch jsem se vyu\u010dila stavebn\u00edm a n\u00e1bytkov\u00fdm truhl\u00e1\u0159em.<\/p>\n<p>Zam\u011b\u0159uje\u0161 se pouze na prk\u00fdnka, nebo d\u011bl\u00e1\u0161 i v\u011bt\u0161\u00ed v\u011bci?<\/p>\n<p style=\"padding-left: 40px;\">P\u0159i v\u00fdrob\u011b mus\u00edm po\u010d\u00edtat s t\u00edm, \u017ee velk\u00e9 v\u011bci jako sk\u0159\u00ed\u0148 nebo rozkl\u00e1dac\u00ed st\u016fl prost\u011b sama neunesu. Men\u0161\u00ed sk\u0159\u00ed\u0148ky, lavice nebo st\u016fl zvl\u00e1dnu, pokud je pot\u0159eba do kav\u00e1rny, dom\u016f nebo kdy\u017e m\u011b z\u00e1kazn\u00edk p\u0159emluv\u00ed. \ud83d\ude42 V\u011bt\u0161inou ale d\u011bl\u00e1m prk\u00e9nka, bav\u00ed m\u011b objevovat vzory, kter\u00e9 se uk\u00e1\u017eou p\u0159i skl\u00e1d\u00e1n\u00ed d\u0159ev\u011bn\u00fdch hranol\u016f k sob\u011b.<\/p>\n<p>Jak\u00e9 d\u0159evo hlavn\u011b pou\u017e\u00edv\u00e1\u0161?<\/p>\n<p style=\"padding-left: 40px;\">Podle n\u00e1lady. Pokud chci skl\u00e1dat vzory z letokruh\u016f, vezmu si jasan, pro \u010dist\u00e9 prk\u00e9nko, na kter\u00e9m vynikne pruh z barevn\u00fdch exotick\u00fdch strom\u016f, pracuji s javorem nebo bukem, pro v\u00fdrobu exkluzivn\u00edho kousku pou\u017eiju tmav\u00fd americk\u00fd o\u0159ech, a kdy\u017e m\u00e1m n\u00e1ladu d\u011blat n\u011bco z\u00e1bavn\u00e9ho, ud\u011bl\u00e1m prk\u00e9nko z 6-10 druh\u016f d\u0159ev. Hodn\u011b lid\u00ed je p\u0159ekvapen\u00fdch, kdy\u017e jim \u0159eknu, \u017ee barvy, kter\u00e9 vid\u00ed, jsou p\u0159irozen\u00e9 barvy nemo\u0159en\u00e9ho d\u0159eva o\u0161et\u0159en\u00e9ho jen miner\u00e1ln\u00edm nebo ostropest\u0159ecov\u00fdm olejem.<\/p>\n<\/div>\n<\/div>\n<div id=\"wnd_PhotoGalleryBlock_64061\" class=\"b-gal b-gal-slideshow b b-s cf slideshow\">\n<div class=\"b-gal-c cf\"><\/div>\n<\/div>\n<div id=\"wnd_PhotoGalleryBlock_64061\" class=\"b-gal b-gal-slideshow b b-s cf slideshow\">\n<div class=\"b-gal-c cf\">\n<div class=\"b-gal-arrow-prev arrow arrow-prev\">\n<div class=\"arrow-submit\"><\/div>\n<\/div>\n<div class=\"b-gal-arrow-next arrow arrow-next\">\n<div class=\"arrow-submit\"><img decoding=\"async\" class=\"aligncenter\" src=\"https:\/\/myamos.cz\/_files\/200002500-cb584cb587\/700\/04_05-1.jpeg\" alt=\"\" \/><\/div>\n<div><\/div>\n<\/div>\n<\/div>\n<\/div>\n<div class=\"b b-text cf\">\n<div class=\"b-c b-text-c b-s b-s-t60 b-s-b60 cf\">\n<p>Jak dlouho ti trv\u00e1 vyrobit jedno prk\u00fdnko?<\/p>\n<p style=\"padding-left: 40px;\">Kv\u016fli p\u0159est\u00e1vk\u00e1m na tuhnut\u00ed lepidla pot\u0159ebuji na jedno prk\u00e9nko 3 dny. \u010cist\u00fd \u010das na v\u00fdrobu od fo\u0161ny, kterou si koup\u00edm na pile, po dokonale hladk\u00e9 prk\u00e9nko, je asi 4-5 h podle slo\u017eitosti skl\u00e1dan\u00e9ho vzoru a velikosti. Hodn\u011b \u010dasu zabere t\u0159eba brou\u0161en\u00ed, ka\u017ed\u00fd kousek brous\u00edm postupn\u011b 4 r\u016fzn\u011b drsn\u00fdmi brusn\u00fdmi pap\u00edry, pak se nestane, \u017ee po navlh\u010den\u00ed prk\u00e9nko &#8222;zchlupat\u00ed&#8220;, a z\u016fstane hladk\u00e9.<\/p>\n<p>Jak\u00e1 \u010d\u00e1st pr\u00e1ce ti p\u0159ijde nejz\u00e1bavn\u011bj\u0161\u00ed?<\/p>\n<p style=\"padding-left: 40px;\">Bude to zn\u00edt jako fr\u00e1ze, ale m\u011b ta pr\u00e1ce bav\u00ed cel\u00e1. Proces vy\u0159ez\u00e1v\u00e1n\u00ed vhodn\u00fdch hranol\u016f z fo\u0161en nebo desek, vym\u00fd\u0161len\u00ed a vytv\u00e1\u0159en\u00ed vzor\u016f, objevov\u00e1n\u00ed detail\u016f p\u0159i brou\u0161en\u00ed a kone\u010dn\u00e1 zm\u011bna barev p\u0159i olejov\u00e1n\u00ed, je to prost\u011b z\u00e1bava. Vlastn\u011b i domluva se z\u00e1kazn\u00edkem, kter\u00fd mi nap\u00ed\u0161e na Facebooku, \u017ee se mu podle fotky zal\u00edbil n\u011bjak\u00fd kousek, a spolu pak lad\u00edme, co pro n\u011bj bude nejlep\u0161\u00ed, m\u011b bav\u00ed hodn\u011b.<\/p>\n<p><img decoding=\"async\" class=\"aligncenter\" src=\"https:\/\/myamos.cz\/_files\/200002498-a32b5a32b8\/700\/04_01.jpeg\" alt=\"\" \/><\/p>\n<p>Vyrob\u00ed\u0161 si i n\u011bco sama pro sebe, nebo jde v\u0161e do ob\u011bhu?<\/p>\n<p style=\"padding-left: 40px;\">Dom\u016f jsem si vyrobila p\u00e1r kousk\u016f n\u00e1bytku na m\u00edru, pro n\u00e1s i pro ko\u010dky, prk\u00e9nek m\u00e1m n\u011bkolik. Je pro m\u011b d\u016fle\u017eit\u00e9, abych v\u011bd\u011bla, co jak\u00e9 d\u0159evo vydr\u017e\u00ed, a mohla z\u00e1kazn\u00edkovi poradit. Kousky, kter\u00e9 maj\u00ed drobn\u00e9 chyby, rozd\u00e1v\u00e1m kamar\u00e1d\u016fm a zn\u00e1m\u00fdm, aby na n\u011b byli zl\u00ed a zkou\u0161eli, co vydr\u017e\u00ed, a t\u00edm si roz\u0161i\u0159uji okruh testuj\u00edc\u00edch dobrovoln\u00edk\u016f.<\/p>\n<p>Kdyby byl z\u00e1jem, \u0161la bys i do uspo\u0159\u00e1d\u00e1n\u00ed n\u011bjak\u00e9ho workshopu pro lidi?<\/p>\n<p style=\"padding-left: 40px;\">Z\u00e1jem u\u017e je. B\u011bhem p\u00e1r m\u011bs\u00edc\u016f bych m\u011bla v\u00e9st workshop v Hobbylabu, kter\u00fd je mou domovskou d\u00edlnou.<\/p>\n<p>Kde si mohou z\u00e1jemci tvoje v\u011bci prohl\u00e9dnout a koupit?<\/p>\n<p style=\"padding-left: 40px;\">Na <a href=\"https:\/\/www.facebook.com\/ZenZen-Woodworking-633295190448891\/\" target=\"_blank\" rel=\"noopener noreferrer\">FB<\/a> a <a href=\"https:\/\/www.instagram.com\/zenzen_woodworking\/\" target=\"_blank\" rel=\"noopener noreferrer\">Instagramu<\/a> m\u00e1m fotky n\u011bkter\u00fdch prk\u00e9nek na &#8222;ZenZen Woodworking&#8220;, v procesu je v\u00fdroba vlastn\u00edho webu a prod\u00e1v\u00e1m na Mint Marketu a r\u016fzn\u00fdch trz\u00edch. Osobn\u00ed setk\u00e1v\u00e1n\u00ed na trz\u00edch m\u00e1m moc r\u00e1da, m\u00e1m mo\u017enost vysv\u011btlit, jak a z \u010deho jsou prk\u00e9nka vyrobena, pro\u010d n\u011bkter\u00e1 vydr\u017e\u00ed v\u00edce a jin\u00e1 m\u00e9n\u011b. Z\u00e1kazn\u00edk si m\u016f\u017ee vybrat t\u0159eba druhy d\u0159eva, vzor a velikost a j\u00e1 mu vyrob\u00edm prk\u00e9nko na m\u00edru podle jeho p\u0159\u00e1n\u00ed. Proto jsem tak\u00e9 r\u00e1da, kdy\u017e si n\u011bkdo ud\u011bl\u00e1 \u010das na v\u00fdlet za mnou do Rous\u00ednova do d\u00edlny, tam si m\u016f\u017ee prohl\u00e9dnout proces v\u00fdroby a domluvit se na kousku pro sebe.<\/p>\n<\/div>\n<\/div>\n<div id=\"wnd_PhotoGalleryBlock_83888\" class=\"b-gal b-gal-slideshow b b-s cf slideshow\">\n<div class=\"b-gal-c cf\"><\/div>\n<\/div>\n<div id=\"wnd_PhotoGalleryBlock_83888\" class=\"b-gal b-gal-slideshow b b-s cf slideshow\">\n<div class=\"b-gal-c cf\">\n<div class=\"b-gal-arrow-prev arrow arrow-prev\">\n<div class=\"arrow-submit\"><\/div>\n<\/div>\n<div class=\"b-gal-arrow-next arrow arrow-next\">\n<div class=\"arrow-submit\"><img decoding=\"async\" src=\"https:\/\/myamos.cz\/_files\/200002502-e7980e7985\/05_02.jpeg\" alt=\"\" \/><\/div>\n<div><\/div>\n<div><img decoding=\"async\" src=\"https:\/\/myamos.cz\/_files\/200002506-baffdbafff\/05_06.jpeg\" alt=\"\" \/><\/div>\n<\/div>\n<\/div>\n<div class=\"b-gal-nav dots cf\">\n<div class=\"b-gal-nav-content dots-content cf bullets infinite\">\n<p>&nbsp;<\/p>\n<\/div>\n<\/div>\n<\/div>\n<div class=\"b b-text cf\">\n<div class=\"b-c b-text-c b-s b-s-t60 b-s-b60 cf\">\n<p class=\"wnd-align-right\"><span class=\"wnd-font-size-80\">P\u0159ipravila: Michala \u0160mikm\u00e1torov\u00e1, foto: Radana Bezd\u011bkov\u00e1, Jozef Sedl\u00e1\u010dek\u00a0<\/span><\/p>\n<p>P\u0159evzato z \u010dasopisu <a href=\"https:\/\/www.myamos.cz\/l\/z-kavarny-do-truhlarny\/?fbclid=IwAR2LPkFtox0FZXzbtG53QKFGrc418TO819iwSrBF3xgJND7AUyOLz1uSsTs#\">My Amos<\/a><\/p>\n<\/div>\n<\/div>\n","protected":false},"excerpt":{"rendered":"<p>I takov\u00e1 oby\u010dejn\u00e1 v\u011bc jako je kuchy\u0148sk\u00e9 prk\u00e9nko m\u016f\u017ee vypadat velmi stylov\u011b ba p\u0159\u00edmo designov\u011b, kdy\u017e se v\u00fdroby chop\u00ed \u0161ikovn\u00e9 ruce a hlava vymysl\u00ed origin\u00e1ln\u00ed n\u00e1pad. Pokud jste zv\u011bdav\u00ed, jak\u00e9 to je vym\u011bnit k\u00e1vovar za pilu a brusku a m\u00edsto ubrousk\u016f skl\u00e1dat vzory z letokruh\u016f, \u010dt\u011bte d\u00e1le&#8230; Jak se stane ze zaslou\u017eil\u00e9 kav\u00e1rnice truhl\u00e1\u0159ka? U &hellip; <a href=\"https:\/\/zzww.cz\/wordpress\/\" class=\"more-link\">Pokra\u010dovat ve \u010dten\u00ed<span class=\"screen-reader-text\"> &#8222;Z kav\u00e1rny do truhl\u00e1rny&#8220;<\/span><\/a><\/p>\n","protected":false},"author":1,"featured_media":33,"parent":0,"menu_order":0,"comment_status":"closed","ping_status":"closed","template":"","meta":{"footnotes":""},"class_list":["post-6","page","type-page","status-publish","has-post-thumbnail","hentry"],"_links":{"self":[{"href":"https:\/\/zzww.cz\/wordpress\/index.php?rest_route=\/wp\/v2\/pages\/6","targetHints":{"allow":["GET"]}}],"collection":[{"href":"https:\/\/zzww.cz\/wordpress\/index.php?rest_route=\/wp\/v2\/pages"}],"about":[{"href":"https:\/\/zzww.cz\/wordpress\/index.php?rest_route=\/wp\/v2\/types\/page"}],"author":[{"embeddable":true,"href":"https:\/\/zzww.cz\/wordpress\/index.php?rest_route=\/wp\/v2\/users\/1"}],"replies":[{"embeddable":true,"href":"https:\/\/zzww.cz\/wordpress\/index.php?rest_route=%2Fwp%2Fv2%2Fcomments&post=6"}],"version-history":[{"count":7,"href":"https:\/\/zzww.cz\/wordpress\/index.php?rest_route=\/wp\/v2\/pages\/6\/revisions"}],"predecessor-version":[{"id":88,"href":"https:\/\/zzww.cz\/wordpress\/index.php?rest_route=\/wp\/v2\/pages\/6\/revisions\/88"}],"wp:featuredmedia":[{"embeddable":true,"href":"https:\/\/zzww.cz\/wordpress\/index.php?rest_route=\/wp\/v2\/media\/33"}],"wp:attachment":[{"href":"https:\/\/zzww.cz\/wordpress\/index.php?rest_route=%2Fwp%2Fv2%2Fmedia&parent=6"}],"curies":[{"name":"wp","href":"https:\/\/api.w.org\/{rel}","templated":true}]}}